{"id":89,"date":"2022-01-26T15:18:57","date_gmt":"2022-01-26T15:18:57","guid":{"rendered":"https:\/\/blecherne-saitn.de\/wpbs\/?page_id=89"},"modified":"2022-01-26T15:18:57","modified_gmt":"2022-01-26T15:18:57","slug":"datenschutz","status":"publish","type":"page","link":"https:\/\/blecherne-saitn.de\/?page_id=89","title":{"rendered":"DATENSCHUTZ"},"content":{"rendered":"\n<p>Wir freuen uns \u00fcber Ihren Besuch auf dieser Website und das Interesse an unserer Musik.<br><br>Die Website wird von der Franz&amp;Ingrid Gericke betrieben und bietet Ihnen als Nutzer (im folgenden \u201eNutzer\u201c) die M\u00f6glichkeit, sich \u00fcber unsere musikalischen Angebote zu informieren und uns bei Anfragen zu kontaktieren.<br><br>Nachstehend m\u00f6chten wir Sie als Nutzer unserer Website \u00fcber den Umgang mit Ihren Daten informieren und Ihnen einen \u00dcberblick \u00fcber die von uns durchgef\u00fchrten Ma\u00dfnahmen zum Schutz von personenbezogenen Daten verschaffen. Etwaig erteilte Einwilligungen k\u00f6nnen jederzeit mit Wirkung f\u00fcr die Zukunft widerrufen. Sollten Sie Fragen bez\u00fcglich der Verwendung Ihrer pers\u00f6nlichen Daten durch uns haben, wenden Sie bitte an uns.<br>Grunds\u00e4tzlich gilt: Ihre Pers\u00f6nlichkeitsrechte haben h\u00f6chste Priorit\u00e4t, deshalb sind wir stets bem\u00fcht alle Ma\u00dfnahmen zu ergreifen, diese Rechte zu sch\u00fctzen. S\u00e4mtliche \u00fcber diese Datenschutzerkl\u00e4rung hinausgehenden datenschutzrechtlichen Verpflichtungen bleiben unber\u00fchrt.<br><\/p>\n\n\n\n<h4 class=\"wp-block-heading\"><strong>Erhebung und Nutzung personenbezogener Daten<\/strong><\/h4>\n\n\n\n<p>Die Nutzung dieser Website ist jedem Nutzer ohne Anmeldung m\u00f6glich. Bei jedem Zugriff eines Nutzers auf die Website werden Zugriffsdaten \u00fcber diesen Vorgang auf dem Server gespeichert. Dies sind:<\/p>\n\n\n\n<ul class=\"wp-block-list\"><li>Browsertyp\/-version<\/li><li>verwendetes Betriebssystem<\/li><li>Referrer URL (die zuvor besuchte Seite)<\/li><li>Hostname des zugreifenden Rechners (IP Adresse)<\/li><li>Uhrzeit und Datum der Serveranfrage<\/li><li>\u00dcbertragene Datenmenge und Zugriffsstatus (Datei \u00fcbertragen, Datei nicht gefunden etc.)<\/li><\/ul>\n\n\n\n<h4 class=\"wp-block-heading\"><strong>Bearbeitung und L\u00f6schung<\/strong><\/h4>\n\n\n\n<p>Wir k\u00f6nnen auf eigene Initiative oder auf Wunsch des Nutzers unvollst\u00e4ndige, fehlerhafte oder veraltete pers\u00f6nliche Daten vervollst\u00e4ndigen, berichtigen oder l\u00f6schen, die von uns im Zusammenhang mit dem Betrieb dieser Website gespeichert werden.<br>Wir l\u00f6schen im Rahmen der gesetzlichen Bestimmungen personenbezogene Daten unverz\u00fcglich auf Veranlassung des Berechtigten, sofern dem nicht zwingende gesetzliche Aufbewahrungspflichten entgegenstehen.<\/p>\n\n\n\n<h4 class=\"wp-block-heading\"><strong>Weitergabe von personenbezogenen Daten an Dritte<\/strong><\/h4>\n\n\n\n<p>Die personenbezogenen Daten des Nutzers werden vertraulich behandelt und grunds\u00e4tzlich nur dann an externe Dienstleistungsunternehmen weitergegeben, sofern dies zur Vertragserf\u00fcllung und Bearbeitung von Anfragen erforderlich ist. Die externen Dienstleister sind zur vertraulichen und sicheren Behandlung der Daten verpflichtet und d\u00fcrfen diese Daten nur verwenden, soweit dies zur Erf\u00fcllung ihrer Aufgabe erforderlich ist. Dies gilt insbesondere auch f\u00fcr eine etwaige Zahlungsabwicklung \u00fcber externe Dienstleister sowie den Datenaustausch f\u00fcr Bonit\u00e4tsausk\u00fcnfte zum Zwecke der Kreditpr\u00fcfung bei berechtigtem Interesse oder bei nicht vertragsgem\u00e4\u00dfem Verhalten. Die schutzw\u00fcrdigen Belange des Nutzers werden gem\u00e4\u00df den gesetzlichen Bestimmungen ber\u00fccksichtigt. Im \u00dcbrigen werden personenbezogene Daten nur weitergegeben, wenn der Nutzer zuvor ausdr\u00fccklich eingewilligt hat oder dies zur Verfolgung von Straftaten erforderlich ist. Eine \u00dcbermittlung an Beh\u00f6rden oder staatliche Institutionen mit Auskunftsberechtigung erfolgt nur, falls eine gesetzliche Auskunftspflicht besteht oder richterlich entschieden wird. Ihre schutzw\u00fcrdigen Belange werden gem\u00e4\u00df den gesetzlichen Datenschutzbestimmungen ber\u00fccksichtigt. Gegebenenfalls k\u00f6nnen wir auf Grund gesetzlicher Vorschriften verpflichtet sein, Ihre Daten Dritten gegen\u00fcber offen zu legen. Solchen Verlangen kommen wir nur, soweit dies erforderlich ist, im Rahmen der gesetzlichen Verpflichtung nach. Eine etwaig von Ihnen erteilte Einwilligung in die Weitergabe der Daten kann jederzeit und ohne Angabe von Gr\u00fcnden uns gegen\u00fcber widerrufen werden.<\/p>\n\n\n\n<h4 class=\"wp-block-heading\"><strong>Einsatz von Cookies<\/strong><\/h4>\n\n\n\n<p>Diese Seite verwendet sogenannte \u201eCookies\u201c, also Textdateien, oder sogenannte \u201eWeb Beacons\u201c, also Grafikdateien, die auf dem Anzeigeger\u00e4t des Nutzers gespeichert werden. Dabei handelt es sich um Technologien, mit deren Hilfe bestimmte benutzerspezifische Einstellungen und technische Informationen, mit denen der Nutzer identifiziert werden kann, gesammelt werden k\u00f6nnen. Diese Informationen zeigen, wann und wie Nutzer die Website verwenden und erm\u00f6glichen, diese laufend zu verbessern. Die Verwendung von Cookies bietet dem Nutzer den Vorteil, dass er beim Ausf\u00fcllen von Formularen der Website nicht immer wieder seine pers\u00f6nlichen Daten eingeben muss. Die Verwendung von Cookies ist \u00fcblich und auf vielen Webseiten g\u00e4ngige Praxis. Cookies werden auf dem Anzeigeger\u00e4t des Nutzers und nicht auf der Website gespeichert. Diese Seite verwendet Cookies nur, um Informationen auf dem Speicher des Anzeigeger\u00e4ts des Nutzers zu lesen, die durch einen Cookie von dieser Seite dort gespeichert wurden. Indem der Nutzer die Website nutzt, ohne entsprechende Einstellungen in seinem Browser vorzunehmen, stimmt er der Verwendung von Cookies, wie in diesen Datenschutzbestimmungen dargestellt, zu. Wenn der Nutzer die Speicherung von Cookies auf seinem Anzeigeger\u00e4t nicht w\u00fcnscht, einen gespeicherten Cookie l\u00f6schen m\u00f6chte oder von ihrer Speicherung benachrichtigt werden m\u00f6chte, kann er seinen Browser bzw. Anzeigeger\u00e4t entsprechend einstellen. Wie dies im Einzelnen vorzunehmen ist, kann der Hilfe zum Browser bzw. dem Anzeigeger\u00e4t entnommen werden. Wir weisen ausdr\u00fccklich darauf hin, dass in diesem Fall gegebenenfalls nicht s\u00e4mtliche Funktionen voll umf\u00e4nglich genutzt werden k\u00f6nnen.<\/p>\n\n\n\n<h4 class=\"wp-block-heading\"><strong>Verwendung von Facebook-Plugins<\/strong><\/h4>\n\n\n\n<p>Auf diesen Internetseiten werden Plugins des sozialen Netzwerkes facebook.com verwendet, das von der Facebook Inc., 1601 S. California Ave, Palo Alto, CA 94304, USA betrieben wird (&#8222;Facebook&#8220;). Wenn Sie mit einem solchen Plugin versehene Internetseiten unserer Internetpr\u00e4senz aufrufen, wird eine Verbindung zu den Facebook-Servern hergestellt und dabei das Plugin durch Mitteilung an Ihren Browser auf der Internetseite dargestellt. Hierdurch wird an den Facebook-Server \u00fcbermittelt, welche unserer Internetseiten Du besucht hast. Sind Sie dabei als Mitglied bei Facebook eingeloggt, ordnet Facebook diese Information Ihrem pers\u00f6nlichen Facebook-Benutzerkonto zu. Bei der Nutzung der Plugin-Funktionen (z.B. Anklicken des \u201eGef\u00e4llt mir\u201c-Buttons, Abgabe eines Kommentars) werden auch diese Informationen Ihrem Facebook-Konto zugeordnet, was Du nur durch Ausloggen vor Nutzung des Plugins verhindern k\u00f6nnte. N\u00e4here Informationen zur Erhebung und Nutzung der Daten durch Facebook, \u00fcber Deine diesbez\u00fcglichen Rechte und M\u00f6glichkeiten zum Schutz Ihrer Privatsph\u00e4re findest Du in den Datenschutzhinweisen von Facebook.<\/p>\n\n\n\n<p><\/p>\n\n\n\n<h4 class=\"wp-block-heading\"><strong>Einbettung von YouTube Videos<\/strong><\/h4>\n\n\n\n<p>Diese Webseite nutzt die Einbindung von Videos Plugins des Anbieters YouTube (YouTube LLC, 901 Cherry Avenue, San Bruno, CA 94066, USA). YouTube wird vertreten durch Google LLC. mit Sitz in 1600 Amphitheatre Parkway, Mountain View, CA 94043, USA. Wenn Sie die mit einem solchen Plugin versehenen Internetseiten unserer Webseiten aufrufen wird eine Verbindung zu den YouTube-Servern hergestellt und dabei das Plugin dargestellt. Hierdurch wird an den YouTube-Server \u00fcbermittelt, welche unserer Webseiten Sie besucht haben. Sind Sie dabei als Mitglied bei YouTube eingeloggt, ordnet YouTube diese Information Ihrem pers\u00f6nlichen Benutzerkonto zu. Bei Nutzung des Plugins wie z.B. Anklicken des Start-Buttons eines Videos wird diese Information ebenfalls Ihrem Benutzerkonto zugeordnet. Sie k\u00f6nnen diese Zuordnung verhindern, indem Sie sich vor der Nutzung unserer Webseiten aus ihrem YouTube-Benutzerkonto sowie anderen Benutzerkonten der Firmen YouTube LLC und Google Inc. abmelden und die entsprechenden Cookies der Firmen l\u00f6schen.<\/p>\n\n\n\n<h4 class=\"wp-block-heading\"><strong>Links zu anderen Webseiten<\/strong><\/h4>\n\n\n\n<p>Die Website kann gelegentlich Links (interaktive Verweise) auf Internetauftritte Dritter, f\u00fcr das Peter Hajek nicht verantwortlich ist, enthalten. Peter Hajek hat keinerlei Einfluss auf Inhalt und Gestaltung der verlinkten externen Seiten bzw. der Internetauftritte, auf die der Nutzer \u00fcber diese Links gelangt. F\u00fcr Inhalt und Gestaltung dieser Internetauftritte sowie die Einhaltung datenschutzrechtlicher Bestimmungen sind ausschlie\u00dflich die jeweiligen Anbieter verantwortlich.<\/p>\n\n\n\n<h4 class=\"wp-block-heading\"><strong>\u00c4nderungen<\/strong><\/h4>\n\n\n\n<p>Wir k\u00f6nnen jederzeit unangek\u00fcndigt diese Datenschutzbestimmungen oder den Inhalt der Website \u00e4ndern oder den Zugriff auf diese Website \u00e4ndern oder sperren. Die jeweils aktuelle Datenschutzerkl\u00e4rung kann jederzeit auf der Website unter Datenschutz von Ihnen abgerufen und ausgedruckt werden.<br><br><strong>Stand: 26.01.2022<\/strong><\/p>\n\n\n\n<h4 class=\"wp-block-heading\"><strong>Fragen zum Datenschutz und Kontakt<\/strong><\/h4>\n\n\n\n<p>Sie als Nutzer k\u00f6nnen sich jederzeit an Franz&amp;Ingrid Gericke wenden, wenn die zu seiner Person gespeicherten Daten berichtigt, gesperrt oder gel\u00f6scht werden sollen. Dar\u00fcber hinaus erteilen wir Ihnen jederzeit Auskunft dar\u00fcber, welche Daten vom Nutzer gespeichert worden sind sowie deren Herkunft und Empf\u00e4nger sowie den Zweck der Speicherung.<br><br><strong>F\u00fcr Fragen zum Datenschutz wenden Sie sich bitte an:<\/strong><\/p>\n\n\n\n<figure class=\"wp-block-table\"><table><tbody><tr><td>&nbsp;<\/td><td><strong>Ingrid und Franz Gericke<\/strong>&nbsp;<br>M\u00fchlweg 5<br>92253 Schnaittenbach<br>Deutschland \/ Bayern<\/td><td>&nbsp;<\/td><td>Telefon: 09622 718178<br>Website: www.blecherne-saitn.de<br>Email: <a href=\"mailto:info@blecherne-saitn.de\">info@blecherne-saitn.de<\/a><\/td><\/tr><\/tbody><\/table><\/figure>\n\n\n\n<p>siehe auch <a href=\"https:\/\/blecherne-saitn.de\/wpbs\/?page_id=42\" data-type=\"URL\">Impressum<\/a><\/p>\n","protected":false},"excerpt":{"rendered":"<p>Wir freuen uns \u00fcber Ihren Besuch auf dieser Website und das Interesse an unserer Musik. Die Website wird von der Franz&amp;Ingrid Gericke betrieben und bietet Ihnen als Nutzer (im folgenden \u201eNutzer\u201c) die M\u00f6glichkeit, sich \u00fcber unsere musikalischen Angebote zu informieren &hellip; <a href=\"https:\/\/blecherne-saitn.de\/?page_id=89\">Weiterlesen <span class=\"meta-nav\">&rarr;<\/span><\/a><\/p>\n","protected":false},"author":1,"featured_media":0,"parent":0,"menu_order":0,"comment_status":"closed","ping_status":"closed","template":"","meta":{"extendify_custom_stylesheet":"","footnotes":""},"class_list":["post-89","page","type-page","status-publish","hentry"],"_links":{"self":[{"href":"https:\/\/blecherne-saitn.de\/index.php?rest_route=\/wp\/v2\/pages\/89","targetHints":{"allow":["GET"]}}],"collection":[{"href":"https:\/\/blecherne-saitn.de\/index.php?rest_route=\/wp\/v2\/pages"}],"about":[{"href":"https:\/\/blecherne-saitn.de\/index.php?rest_route=\/wp\/v2\/types\/page"}],"author":[{"embeddable":true,"href":"https:\/\/blecherne-saitn.de\/index.php?rest_route=\/wp\/v2\/users\/1"}],"replies":[{"embeddable":true,"href":"https:\/\/blecherne-saitn.de\/index.php?rest_route=%2Fwp%2Fv2%2Fcomments&post=89"}],"version-history":[{"count":0,"href":"https:\/\/blecherne-saitn.de\/index.php?rest_route=\/wp\/v2\/pages\/89\/revisions"}],"wp:attachment":[{"href":"https:\/\/blecherne-saitn.de\/index.php?rest_route=%2Fwp%2Fv2%2Fmedia&parent=89"}],"curies":[{"name":"wp","href":"https:\/\/api.w.org\/{rel}","templated":true}]}}